{"id":845,"date":"2015-11-17T16:08:53","date_gmt":"2015-11-17T16:08:53","guid":{"rendered":"http:\/\/libero.mikado-themes.com\/?page_id=845"},"modified":"2019-08-02T18:46:06","modified_gmt":"2019-08-02T15:46:06","slug":"contact-with-google-map","status":"publish","type":"page","link":"https:\/\/sahinyavuz.av.tr\/tr\/iletisim\/","title":{"rendered":"\u0130leti\u015fim"},"content":{"rendered":"<p>[vc_row triangle_shape=&#8221;no&#8221;][vc_column]<div class=\"mkd-google-map-holder\">\r\n\t<div class=\"mkd-google-map\" id=\"mkd-map-1623952\" data-addresses='[\"Levent, C\u00f6mert Sk No:1, 34330 Be\u015fikta\u015f\/\u0130stanbul, Turkey\"]' data-custom-map-style=false data-color-overlay=#393939 data-saturation=-100 data-lightness=-60 data-zoom=16 data-pin=https:\/\/sahinyavuz.av.tr\/wp-content\/uploads\/2017\/11\/location-map-marker-monotone-pin-icon.png data-unique-id=1623952 data-scroll-wheel=false data-height=400><\/div>\r\n\t\t\t<div class=\"mkd-google-map-overlay\"><\/div>\r\n\t<\/div>\r\n[vc_empty_space][\/vc_column][\/vc_row][vc_row triangle_shape=&#8221;no&#8221; css=&#8221;.vc_custom_1511716462724{padding-top: 50px !important;padding-right: 100px !important;padding-bottom: 100px !important;padding-left: 100px !important;}&#8221;][vc_column width=&#8221;1\/2&#8243; css=&#8221;.vc_custom_1514230735923{margin-bottom: 30px !important;}&#8221;][vc_text_separator title=&#8221;Adres&#8221; title_align=&#8221;separator_align_left&#8221; align=&#8221;align_left&#8221;][vc_column_text]<\/p>\n<p style=\"text-align: left;\">Levent Mh. C\u00f6mert Sk. No:1 Yap\u0131 Kredi Plaza C Blok D:40 K:17<\/p>\n<p style=\"text-align: left;\">34330 Be\u015fikta\u015f \/ \u0130stanbul<\/p>\n<p>[\/vc_column_text][vc_empty_space][\/vc_column][vc_column width=&#8221;1\/2&#8243;][vc_text_separator title=&#8221;Telefon | Faks | E-posta&#8221; title_align=&#8221;separator_align_left&#8221; align=&#8221;align_left&#8221;][vc_column_text]<\/p>\n<p style=\"text-align: left;\"><a style=\"color: #333;\" href=\"tel:02123124723\">T: 0212 317 47 23<\/a><\/p>\n<p style=\"text-align: left; color: #333;\"><a style=\"color: #333;\" href=\"tel:02123174701\">F: 0212 317 47 01<\/a><\/p>\n<p>info@sahinyavuz.av.tr[\/vc_column_text][vc_empty_space][\/vc_column][\/vc_row]<\/p>","protected":false},"excerpt":{"rendered":"<p>[vc_row triangle_shape=&#8221;no&#8221;][vc_column][vc_empty_space][\/vc_column][\/vc_row][vc_row triangle_shape=&#8221;no&#8221; css=&#8221;.vc_custom_1511716462724{padding-top: 50px !important;padding-right: 100px !important;padding-bottom: 100px !important;padding-left: 100px !important;}&#8221;][vc_column width=&#8221;1\/2&#8243; css=&#8221;.vc_custom_1514230735923{margin-bottom: 30px !important;}&#8221;][vc_text_separator title=&#8221;Adres&#8221; title_align=&#8221;separator_align_left&#8221; align=&#8221;align_left&#8221;][vc_column_text] Levent Mh. C\u00f6mert Sk. No:1 Yap\u0131 Kredi Plaza C Blok D:40 K:17 34330 Be\u015fikta\u015f \/ \u0130stanbul [\/vc_column_text][vc_empty_space][\/vc_column][vc_column width=&#8221;1\/2&#8243;][vc_text_separator title=&#8221;Telefon | Faks | E-posta&#8221; title_align=&#8221;separator_align_left&#8221; align=&#8221;align_left&#8221;][vc_column_text] T: 0212 317 47 23 F: 0212 317 47 01 info@sahinyavuz.av.tr[\/vc_column_text][vc_empty_space][\/vc_column][\/vc_row]<\/p>\n","protected":false},"author":1,"featured_media":0,"parent":0,"menu_order":0,"comment_status":"closed","ping_status":"closed","template":"full-width.php","meta":[],"_links":{"self":[{"href":"https:\/\/sahinyavuz.av.tr\/tr\/wp-json\/wp\/v2\/pages\/845"}],"collection":[{"href":"https:\/\/sahinyavuz.av.tr\/tr\/wp-json\/wp\/v2\/pages"}],"about":[{"href":"https:\/\/sahinyavuz.av.tr\/tr\/wp-json\/wp\/v2\/types\/page"}],"author":[{"embeddable":true,"href":"https:\/\/sahinyavuz.av.tr\/tr\/wp-json\/wp\/v2\/users\/1"}],"replies":[{"embeddable":true,"href":"https:\/\/sahinyavuz.av.tr\/tr\/wp-json\/wp\/v2\/comments?post=845"}],"version-history":[{"count":68,"href":"https:\/\/sahinyavuz.av.tr\/tr\/wp-json\/wp\/v2\/pages\/845\/revisions"}],"predecessor-version":[{"id":3033,"href":"https:\/\/sahinyavuz.av.tr\/tr\/wp-json\/wp\/v2\/pages\/845\/revisions\/3033"}],"wp:attachment":[{"href":"https:\/\/sahinyavuz.av.tr\/tr\/wp-json\/wp\/v2\/media?parent=845"}],"curies":[{"name":"wp","href":"https:\/\/api.w.org\/{rel}","templated":true}]}}