{"id":2240,"date":"2017-11-19T18:27:21","date_gmt":"2017-11-19T15:27:21","guid":{"rendered":"http:\/\/sahinyavuz.av.tr\/mervetest\/?page_id=2240"},"modified":"2018-12-01T20:44:58","modified_gmt":"2018-12-01T17:44:58","slug":"yayinlar","status":"publish","type":"page","link":"https:\/\/sahinyavuz.av.tr\/tr\/yayinlar\/","title":{"rendered":"Yay\u0131nlar"},"content":{"rendered":"<p>[vc_row triangle_shape=&#8221;no&#8221;][vc_column width=&#8221;5\/6&#8243;][vc_empty_space]\n    <span class=\"mkd-icon-shortcode normal mkd-icon-tiny\" style=\"margin: 6px,10px,0,0\" data-color=\"#7f1919\" >\n        \n        <i class=\"mkd-icon-font-awesome fa fa-certificate mkd-icon-element\" style=\"color: #7f1919\" ><\/i>\n                <span  class=\"mkd-background\"><\/span>\n    <\/span>\n\n[vc_column_text]<span style=\"color: black;\">&#8220;T\u00fcrk Rekabet Hukukunda M\u00fcnhas\u0131rl\u0131k Uygulamalar\u0131na \u0130li\u015fkin Tutarl\u0131 Bir Yakla\u015f\u0131m Aray\u0131\u015f\u0131&#8221;<\/span><span style=\"font-weight: 400;\">,<\/span><span style=\"font-weight: 400;\"><em style=\"font-weight: 400;\">\u00a0Rekabet Dergisi 2017, 18(1): 4-30.<\/em><\/span>[\/vc_column_text]<a href=\"http:\/\/www.rekabet.gov.tr\/Dosya\/rekabet-dergileri\/dergi-18-1-web-20180622113244264.pdf\" target=\"_blank\" style=\"color: #841a1a;border: 1px solid #841a1a\" class=\"mkd-btn mkd-btn-small mkd-btn-outline mkd-btn-custom-border-hover mkd-btn-custom-hover-color mkd-btn-custom-hover-color\" data-hover-color=\"#841a1a\" data-hover-border-color=\"#841a1a\"  >\n    <span class=\"mkd-btn-text\"  >Kayna\u011f\u0131 G\u00f6r<\/span><\/a>[vc_empty_space][\/vc_column][vc_column width=&#8221;1\/6&#8243;][\/vc_column][\/vc_row][vc_row triangle_shape=&#8221;no&#8221;][vc_column width=&#8221;5\/6&#8243;][vc_empty_space]\n    <span class=\"mkd-icon-shortcode normal mkd-icon-tiny\" style=\"margin: 6px,10px,0,0\" data-color=\"#7f1919\" >\n        \n        <i class=\"mkd-icon-font-awesome fa fa-certificate mkd-icon-element\" style=\"color: #7f1919\" ><\/i>\n                <span  class=\"mkd-background\"><\/span>\n    <\/span>\n\n[vc_column_text]<span style=\"color: black;\"> \u201cKabahatler Kanununun \u0130\u015ftirake \u0130li\u015fkin H\u00fck\u00fcmleri Rekabet \u0130hlallerine Uygulanabilir Mi?&#8221;<\/span><span style=\"font-weight: 400;\"><strong>,<\/strong> <em>A\u00dcHFD 2014, 63(4): 901-926.<\/em><\/span>[\/vc_column_text]<a href=\"http:\/\/dergiler.ankara.edu.tr\/detail.php?id=38&#038;sayi_id=1974\" target=\"_blank\" style=\"color: #841a1a;border: 1px solid #841a1a\" class=\"mkd-btn mkd-btn-small mkd-btn-outline mkd-btn-custom-border-hover mkd-btn-custom-hover-color mkd-btn-custom-hover-color\" data-hover-color=\"#841a1a\" data-hover-border-color=\"#841a1a\"  >\n    <span class=\"mkd-btn-text\"  >Kayna\u011f\u0131 G\u00f6r<\/span><\/a>[vc_empty_space][\/vc_column][vc_column width=&#8221;1\/6&#8243;][\/vc_column][\/vc_row][vc_row triangle_shape=&#8221;no&#8221;][vc_column width=&#8221;5\/6&#8243;][vc_empty_space]\n    <span class=\"mkd-icon-shortcode normal mkd-icon-tiny\" style=\"margin: 6px,0,0,0\" data-color=\"#7f1919\" >\n        \n        <i class=\"mkd-icon-font-awesome fa fa-certificate mkd-icon-element\" style=\"color: #7f1919\" ><\/i>\n                <span  class=\"mkd-background\"><\/span>\n    <\/span>\n\n[vc_column_text]<span style=\"color: black;\"> \u201cAkaryak\u0131t Da\u011f\u0131t\u0131m\u0131na Y\u00f6nelik Rekabet Kurulu Uygulamalar\u0131n\u0131n Dan\u0131\u015ftay \u00c7\u0131kmaz\u0131&#8221;<\/span><span style=\"font-weight: 400;\"><strong>,<\/strong> <em>Rekabet Hukuku \u0130le \u0130lgili Kurul ve Yarg\u0131 Kararlar\u0131 Sempozyumu-4 (20 Aral\u0131k 2013), Bildiriler-Tart\u0131\u015fmalar, Banka ve Ticaret Hukuku Ara\u015ft\u0131rma Enstit\u00fcs\u00fc, Nisan 2015 \/ 1. Bask\u0131.<br \/>\n<\/em><\/span>[\/vc_column_text][vc_empty_space][\/vc_column][vc_column width=&#8221;1\/6&#8243;][\/vc_column][\/vc_row][vc_row triangle_shape=&#8221;no&#8221;][vc_column width=&#8221;5\/6&#8243;][vc_empty_space]\n    <span class=\"mkd-icon-shortcode normal mkd-icon-tiny\" style=\"margin: 6px,0,0,0\" data-color=\"#7f1919\" >\n        \n        <i class=\"mkd-icon-font-awesome fa fa-certificate mkd-icon-element\" style=\"color: #7f1919\" ><\/i>\n                <span  class=\"mkd-background\"><\/span>\n    <\/span>\n\n[vc_column_text]<span style=\"color: black;\"> \u201cBirle\u015fme ve Devralma \u0130\u015flemlerinde Rekabet Kurulunun Yetkisinin Kapsam\u0131 ve S\u0131n\u0131rlar\u0131&#8221;<\/span><span style=\"font-weight: 400;\"><strong>,<\/strong> <em>(N. Aksoy ile birlikte), Rekabet Dergisi 2009, 10(2): 7-27. <\/em><\/span>[\/vc_column_text]<a href=\"http:\/\/www.rekabet.gov.tr\/Dosya\/dergi\/38-pdf\" target=\"_blank\" style=\"color: #841a1a;border: 1px solid #841a1a\" class=\"mkd-btn mkd-btn-small mkd-btn-outline mkd-btn-custom-border-hover mkd-btn-custom-hover-color mkd-btn-custom-hover-color\" data-hover-color=\"#841a1a\" data-hover-border-color=\"#841a1a\"  >\n    <span class=\"mkd-btn-text\"  >Kayna\u011f\u0131 G\u00f6r<\/span><\/a>[vc_empty_space][\/vc_column][vc_column width=&#8221;1\/6&#8243;][\/vc_column][\/vc_row][vc_row triangle_shape=&#8221;no&#8221;][vc_column width=&#8221;5\/6&#8243;][vc_empty_space]\n    <span class=\"mkd-icon-shortcode normal mkd-icon-tiny\" style=\"margin: 6px,0,0,0\" data-color=\"#7f1919\" >\n        \n        <i class=\"mkd-icon-font-awesome fa fa-certificate mkd-icon-element\" style=\"color: #7f1919\" ><\/i>\n                <span  class=\"mkd-background\"><\/span>\n    <\/span>\n\n[vc_column_text]<span style=\"color: black;\"> \u201cRekabet Hukukunda Muafiyet ve Birle\u015fme\/Devralma Kararlar\u0131n\u0131n \u015earta Ba\u011flanmas\u0131\u201d<\/span><span style=\"font-weight: 400;\"><strong>,<\/strong> <em> (N. Aksoy ve H. Bolato\u011flu ile birlikte), Rekabet Dergisi 2006, 25: 3-28.<br \/>\n<\/em><\/span>[\/vc_column_text]<a href=\"http:\/\/www.rekabet.gov.tr\/Dosya\/dergi\/25-pdf\" target=\"_blank\" style=\"color: #841a1a;border: 1px solid #841a1a\" class=\"mkd-btn mkd-btn-small mkd-btn-outline mkd-btn-custom-border-hover mkd-btn-custom-hover-color mkd-btn-custom-hover-color\" data-hover-color=\"#841a1a\" data-hover-border-color=\"#841a1a\"  >\n    <span class=\"mkd-btn-text\"  >Kayna\u011f\u0131 G\u00f6r<\/span><\/a>[vc_empty_space][\/vc_column][vc_column width=&#8221;1\/6&#8243;][\/vc_column][\/vc_row][vc_row triangle_shape=&#8221;no&#8221;][vc_column width=&#8221;5\/6&#8243;][vc_empty_space]\n    <span class=\"mkd-icon-shortcode normal mkd-icon-tiny\" style=\"margin: 6px,0,0,0\" data-color=\"#7f1919\" >\n        \n        <i class=\"mkd-icon-font-awesome fa fa-certificate mkd-icon-element\" style=\"color: #7f1919\" ><\/i>\n                <span  class=\"mkd-background\"><\/span>\n    <\/span>\n\n[vc_column_text]<span style=\"color: black;\">\u201cFikri M\u00fclkiyetin Zorunlu Lisanslamas\u0131: IMS Davas\u0131 ve Baz\u0131 Yan\u0131lsamalar\u201d<\/span><span style=\"font-weight: 400;\"><strong>,<\/strong> <em>Rekabet Dergisi 2005, 22: 3-39. <\/em><\/span>[\/vc_column_text]<a href=\"http:\/\/www.rekabet.gov.tr\/Dosya\/dergi\/22-pdf\" target=\"_blank\" style=\"color: #841a1a;border: 1px solid #841a1a\" class=\"mkd-btn mkd-btn-small mkd-btn-outline mkd-btn-custom-border-hover mkd-btn-custom-hover-color mkd-btn-custom-hover-color\" data-hover-color=\"#841a1a\" data-hover-border-color=\"#841a1a\"  >\n    <span class=\"mkd-btn-text\"  >Kayna\u011f\u0131 G\u00f6r<\/span><\/a>[vc_empty_space][\/vc_column][vc_column width=&#8221;1\/6&#8243;][\/vc_column][\/vc_row][vc_row triangle_shape=&#8221;no&#8221;][vc_column width=&#8221;5\/6&#8243;][vc_empty_space]\n    <span class=\"mkd-icon-shortcode normal mkd-icon-tiny\" style=\"margin: 6px,0,0,0\" data-color=\"#7f1919\" >\n        \n        <i class=\"mkd-icon-font-awesome fa fa-certificate mkd-icon-element\" style=\"color: #7f1919\" ><\/i>\n                <span  class=\"mkd-background\"><\/span>\n    <\/span>\n\n[vc_column_text]<span style=\"color: black;\">\u201cBenefits of Private Sector from Competition Policy: The Turkish Experience\u201d<\/span><span style=\"font-weight: 400;\"><strong>,<\/strong> <em>(C. G\u00fclerg\u00fcn ile birlikte), Birle\u015fmi\u015f Milletler Konferans\u0131 \u0130\u015f Forumu T\u00fcrkiye Tebli\u011fi, Antalya 14-18 Kas\u0131m 2005, <\/em><\/span>[\/vc_column_text]<a href=\"http:\/\/unctad.org\/Sections\/wcmu\/docs\/tdrbpconf6p042_en.pdf\" target=\"_blank\" style=\"color: #841a1a;border: 1px solid #841a1a\" class=\"mkd-btn mkd-btn-small mkd-btn-outline mkd-btn-custom-border-hover mkd-btn-custom-hover-color mkd-btn-custom-hover-color\" data-hover-color=\"#841a1a\" data-hover-border-color=\"#841a1a\"  >\n    <span class=\"mkd-btn-text\"  >Kayna\u011f\u0131 G\u00f6r<\/span><\/a>[vc_empty_space][\/vc_column][vc_column width=&#8221;1\/6&#8243;][\/vc_column][\/vc_row][vc_row triangle_shape=&#8221;no&#8221;][vc_column width=&#8221;5\/6&#8243;][vc_empty_space]\n    <span class=\"mkd-icon-shortcode normal mkd-icon-tiny\" style=\"margin: 6px,0,0,0\" data-color=\"#7f1919\" >\n        \n        <i class=\"mkd-icon-font-awesome fa fa-certificate mkd-icon-element\" style=\"color: #7f1919\" ><\/i>\n                <span  class=\"mkd-background\"><\/span>\n    <\/span>\n\n[vc_column_text]<span style=\"color: black;\"> \u201cAmerikan Antitr\u00f6st Hukukunda Yeniden Sat\u0131\u015f Fiyat\u0131n\u0131n Belirlenmesi Sorunu: \u201cPer Se\u201d veya \u201cRule of Reason<\/span><span style=\"font-weight: 400;\">\u201d<strong>,<\/strong>\u00a0\u00a0<em>2003, Rekabet Kurumu, Ankara<br \/>\n<\/em><\/span>[\/vc_column_text]<a href=\"http:\/\/www.rekabet.gov.tr\/Dosya\/uzmanlik-tezleri\/13-pdf\" target=\"_blank\" style=\"color: #841a1a;border: 1px solid #841a1a\" class=\"mkd-btn mkd-btn-small mkd-btn-outline mkd-btn-custom-border-hover mkd-btn-custom-hover-color mkd-btn-custom-hover-color\" data-hover-color=\"#841a1a\" data-hover-border-color=\"#841a1a\"  >\n    <span class=\"mkd-btn-text\"  >Kayna\u011f\u0131 G\u00f6r<\/span><\/a>[vc_empty_space][\/vc_column][vc_column width=&#8221;1\/6&#8243;][\/vc_column][\/vc_row][vc_row triangle_shape=&#8221;no&#8221;][vc_column][vc_empty_space height=&#8221;65&#8243;][\/vc_column][\/vc_row]<\/p>","protected":false},"excerpt":{"rendered":"<p>[vc_row triangle_shape=&#8221;no&#8221;][vc_column width=&#8221;5\/6&#8243;][vc_empty_space][vc_column_text]&#8220;T\u00fcrk Rekabet Hukukunda M\u00fcnhas\u0131rl\u0131k Uygulamalar\u0131na \u0130li\u015fkin Tutarl\u0131 Bir Yakla\u015f\u0131m Aray\u0131\u015f\u0131&#8221;,\u00a0Rekabet Dergisi 2017, 18(1): 4-30.[\/vc_column_text][vc_empty_space][\/vc_column][vc_column width=&#8221;1\/6&#8243;][\/vc_column][\/vc_row][vc_row triangle_shape=&#8221;no&#8221;][vc_column width=&#8221;5\/6&#8243;][vc_empty_space][vc_column_text] \u201cKabahatler Kanununun \u0130\u015ftirake \u0130li\u015fkin H\u00fck\u00fcmleri Rekabet \u0130hlallerine Uygulanabilir Mi?&#8221;, A\u00dcHFD 2014, 63(4): 901-926.[\/vc_column_text][vc_empty_space][\/vc_column][vc_column width=&#8221;1\/6&#8243;][\/vc_column][\/vc_row][vc_row triangle_shape=&#8221;no&#8221;][vc_column width=&#8221;5\/6&#8243;][vc_empty_space][vc_column_text] \u201cAkaryak\u0131t Da\u011f\u0131t\u0131m\u0131na Y\u00f6nelik Rekabet Kurulu Uygulamalar\u0131n\u0131n Dan\u0131\u015ftay \u00c7\u0131kmaz\u0131&#8221;, Rekabet Hukuku \u0130le \u0130lgili Kurul ve Yarg\u0131 Kararlar\u0131 Sempozyumu-4 (20 Aral\u0131k 2013), Bildiriler-Tart\u0131\u015fmalar, Banka ve Ticaret Hukuku Ara\u015ft\u0131rma Enstit\u00fcs\u00fc, Nisan 2015 \/ 1. Bask\u0131. [\/vc_column_text][vc_empty_space][\/vc_column][vc_column width=&#8221;1\/6&#8243;][\/vc_column][\/vc_row][vc_row triangle_shape=&#8221;no&#8221;][vc_column width=&#8221;5\/6&#8243;][vc_empty_space][vc_column_text] \u201cBirle\u015fme ve Devralma \u0130\u015flemlerinde Rekabet Kurulunun Yetkisinin Kapsam\u0131 ve S\u0131n\u0131rlar\u0131&#8221;, (N. Aksoy ile birlikte), Rekabet Dergisi 2009, 10(2): 7-27. [\/vc_column_text][vc_empty_space][\/vc_column][vc_column width=&#8221;1\/6&#8243;][\/vc_column][\/vc_row][vc_row triangle_shape=&#8221;no&#8221;][vc_column width=&#8221;5\/6&#8243;][vc_empty_space][vc_column_text] \u201cRekabet Hukukunda Muafiyet ve Birle\u015fme\/Devralma Kararlar\u0131n\u0131n&#8230;<\/p>\n","protected":false},"author":1,"featured_media":0,"parent":0,"menu_order":0,"comment_status":"closed","ping_status":"closed","template":"","meta":[],"_links":{"self":[{"href":"https:\/\/sahinyavuz.av.tr\/tr\/wp-json\/wp\/v2\/pages\/2240"}],"collection":[{"href":"https:\/\/sahinyavuz.av.tr\/tr\/wp-json\/wp\/v2\/pages"}],"about":[{"href":"https:\/\/sahinyavuz.av.tr\/tr\/wp-json\/wp\/v2\/types\/page"}],"author":[{"embeddable":true,"href":"https:\/\/sahinyavuz.av.tr\/tr\/wp-json\/wp\/v2\/users\/1"}],"replies":[{"embeddable":true,"href":"https:\/\/sahinyavuz.av.tr\/tr\/wp-json\/wp\/v2\/comments?post=2240"}],"version-history":[{"count":84,"href":"https:\/\/sahinyavuz.av.tr\/tr\/wp-json\/wp\/v2\/pages\/2240\/revisions"}],"predecessor-version":[{"id":3025,"href":"https:\/\/sahinyavuz.av.tr\/tr\/wp-json\/wp\/v2\/pages\/2240\/revisions\/3025"}],"wp:attachment":[{"href":"https:\/\/sahinyavuz.av.tr\/tr\/wp-json\/wp\/v2\/media?parent=2240"}],"curies":[{"name":"wp","href":"https:\/\/api.w.org\/{rel}","templated":true}]}}