{"id":2237,"date":"2017-11-19T18:20:42","date_gmt":"2017-11-19T15:20:42","guid":{"rendered":"http:\/\/sahinyavuz.av.tr\/mervetest\/?page_id=2237"},"modified":"2017-12-31T13:41:42","modified_gmt":"2017-12-31T10:41:42","slug":"calisma-alanlari","status":"publish","type":"page","link":"https:\/\/sahinyavuz.av.tr\/tr\/calisma-alanlari\/","title":{"rendered":"\u00c7al\u0131\u015fma Alanlar\u0131"},"content":{"rendered":"<p>[vc_row triangle_shape=&#8221;no&#8221;][vc_column width=&#8221;1\/3&#8243; css=&#8221;.vc_custom_1514203480374{margin-bottom: 30px !important;}&#8221;]<div class=\"mkd-iwt clearfix mkd-iwt-icon-top mkd-iwt-icon-circle mkd-iwt-icon-small\">\n    <div class=\"mkd-iwt-icon-holder\">\n                        <span class=\"mkd-icon-animation-holder\" >\n\n    <span class=\"mkd-icon-shortcode circle mkd-icon-animation mkd-icon-small\"  data-color=\"#ffffff\" >\n        \n        <i class=\"mkd-icon-font-awesome fa fa-building mkd-icon-element\" style=\"color: #ffffff\" ><\/i>\n                <span style=\"background-color: #770101\" class=\"mkd-background\"><\/span>\n    <\/span>\n\n    <\/span>\n            <\/div>\n    <div class=\"mkd-iwt-content-holder\" >\n        <div class=\"mkd-iwt-title-holder\">\n            \t\t\t\t<h4 >\n\t\t\t\t\tRekabet Hukuku\t\t\t\t<\/h4>\n\t\t\t                    <\/div>\n        <div class=\"mkd-iwt-text-holder\">\n            <p >Rekabet soru\u015fturmalar\u0131 ile birle\u015fme ve devralma incelemeleri, Rekabet Kurumuna yap\u0131lacak bildirimlerin haz\u0131rlanmas\u0131, 3 kat\u0131 tazminat davalar\u0131, rekabet uyum programlar\u0131m\u0131n haz\u0131rlanmas\u0131 ve y\u00f6netici ve \u00e7al\u0131\u015fanlara rekabet hukuku e\u011fitimi verilmesi konular\u0131nda temsil ve hukuki destek. <\/p>\n        <\/div>\n    <\/div>\n<\/div>[\/vc_column][vc_column width=&#8221;1\/3&#8243; css=&#8221;.vc_custom_1514203485686{margin-bottom: 30px !important;}&#8221;]<div class=\"mkd-iwt clearfix mkd-iwt-icon-top mkd-iwt-icon-circle mkd-iwt-icon-small\">\n    <div class=\"mkd-iwt-icon-holder\">\n                        <span class=\"mkd-icon-animation-holder\" >\n\n    <span class=\"mkd-icon-shortcode circle mkd-icon-animation mkd-icon-small\"  >\n        \n        <i class=\"mkd-icon-font-awesome fa fa-briefcase mkd-icon-element\" style=\"\" ><\/i>\n                <span style=\"background-color: #770101\" class=\"mkd-background\"><\/span>\n    <\/span>\n\n    <\/span>\n            <\/div>\n    <div class=\"mkd-iwt-content-holder\" >\n        <div class=\"mkd-iwt-title-holder\">\n            \t\t\t\t<h4 >\n\t\t\t\t\tReg\u00fclasyon Hukuku \t\t\t\t<\/h4>\n\t\t\t                    <\/div>\n        <div class=\"mkd-iwt-text-holder\">\n            <p >Ba\u015fta ila\u00e7 ve sa\u011fl\u0131k, telekom\u00fcnikasyon, medya, enerji sekt\u00f6rleri olmak \u00fczere d\u00fczenlemeye tabi piyasalardaki karma\u015f\u0131k d\u00fczenleyici kurallar ve uygulamalar ile ilgili dan\u0131\u015fmanl\u0131k ve ortaya \u00e7\u0131kan uyu\u015fmazl\u0131klar\u0131n \u00e7\u00f6z\u00fcm\u00fc konular\u0131nda temsil ve hukuki destek.<\/p>\n        <\/div>\n    <\/div>\n<\/div>[\/vc_column][vc_column width=&#8221;1\/3&#8243; css=&#8221;.vc_custom_1514203490142{margin-bottom: 30px !important;}&#8221;]<div class=\"mkd-iwt clearfix mkd-iwt-icon-top mkd-iwt-icon-circle mkd-iwt-icon-small\">\n    <div class=\"mkd-iwt-icon-holder\">\n                        <span class=\"mkd-icon-animation-holder\" >\n\n    <span class=\"mkd-icon-shortcode circle mkd-icon-animation mkd-icon-small\"  >\n        \n        <i class=\"mkd-icon-font-awesome fa fa-handshake-o mkd-icon-element\" style=\"\" ><\/i>\n                <span style=\"background-color: #770101\" class=\"mkd-background\"><\/span>\n    <\/span>\n\n    <\/span>\n            <\/div>\n    <div class=\"mkd-iwt-content-holder\" >\n        <div class=\"mkd-iwt-title-holder\">\n            \t\t\t\t<h4 >\n\t\t\t\t\t\u015eirketler, Ticaret ve S\u00f6zle\u015fmeler Hukuku\t\t\t\t<\/h4>\n\t\t\t                    <\/div>\n        <div class=\"mkd-iwt-text-holder\">\n            <p >Genel s\u00f6zle\u015fmeler hukuku, tedarik, da\u011f\u0131t\u0131m, bayilik, lisans ve sair ticari s\u00f6zle\u015fmeler, \u015firketler hukuku, ortak giri\u015fimler, hissedarlar s\u00f6zle\u015fmesi konular\u0131nda hukuki dan\u0131\u015fmanl\u0131k.<\/p>\n        <\/div>\n    <\/div>\n<\/div>[\/vc_column][\/vc_row][vc_row triangle_shape=&#8221;no&#8221;][vc_column][vc_empty_space]<div class=\"mkd-separator-holder clearfix  mkd-separator-left\" >\r\n\t<div class=\"mkd-separator\" style=\"border-color: #919191;width: 100%\"><\/div>\r\n<\/div>\r\n[vc_empty_space][vc_row_inner][vc_column_inner width=&#8221;1\/3&#8243; css=&#8221;.vc_custom_1514203513941{margin-bottom: 30px !important;}&#8221;]<div class=\"mkd-iwt clearfix mkd-iwt-icon-top mkd-iwt-icon-circle mkd-iwt-icon-small\">\n    <div class=\"mkd-iwt-icon-holder\">\n                        <span class=\"mkd-icon-animation-holder\" >\n\n    <span class=\"mkd-icon-shortcode circle mkd-icon-animation mkd-icon-small\"  >\n        \n        <i class=\"mkd-icon-font-awesome fa fa-line-chart mkd-icon-element\" style=\"\" ><\/i>\n                <span style=\"background-color: #770101\" class=\"mkd-background\"><\/span>\n    <\/span>\n\n    <\/span>\n            <\/div>\n    <div class=\"mkd-iwt-content-holder\" >\n        <div class=\"mkd-iwt-title-holder\">\n            \t\t\t\t<h4 >\n\t\t\t\t\tTicari \u00d6nlemler Hukuku\t\t\t\t<\/h4>\n\t\t\t                    <\/div>\n        <div class=\"mkd-iwt-text-holder\">\n            <p >Anti-damping, anti-s\u00fcbvansiyon ve korunma \u00f6nlemi soru\u015fturmalar\u0131nda temsil ve hukuki dan\u0131\u015fmanl\u0131k.<\/p>\n        <\/div>\n    <\/div>\n<\/div>[\/vc_column_inner][vc_column_inner width=&#8221;1\/3&#8243; css=&#8221;.vc_custom_1514203520725{margin-bottom: 30px !important;}&#8221;]<div class=\"mkd-iwt clearfix mkd-iwt-icon-top mkd-iwt-icon-circle mkd-iwt-icon-small\">\n    <div class=\"mkd-iwt-icon-holder\">\n                        <span class=\"mkd-icon-animation-holder\" >\n\n    <span class=\"mkd-icon-shortcode circle mkd-icon-animation mkd-icon-small\"  >\n        \n        <i class=\"mkd-icon-font-awesome fa fa-bank mkd-icon-element\" style=\"\" ><\/i>\n                <span style=\"background-color: #770101\" class=\"mkd-background\"><\/span>\n    <\/span>\n\n    <\/span>\n            <\/div>\n    <div class=\"mkd-iwt-content-holder\" >\n        <div class=\"mkd-iwt-title-holder\">\n            \t\t\t\t<h4 >\n\t\t\t\t\tDava Deste\u011fi\t\t\t\t<\/h4>\n\t\t\t                    <\/div>\n        <div class=\"mkd-iwt-text-holder\">\n            <p >D\u00fczenleyici ve idari otoritelerce tesis edilen idari i\u015flemlere kar\u015f\u0131 a\u00e7\u0131lacak iptal davalar\u0131 ile idarenin eylem ve i\u015flemlerinden dolay\u0131 a\u00e7\u0131lacak tam yarg\u0131 davalar\u0131, s\u00f6zle\u015fme, haks\u0131z fiil ve di\u011fer hukuki itilaflara ili\u015fkin a\u00e7\u0131lacak davalar\u0131n t\u00fcm a\u015famalar\u0131nda temsil ve hukuki destek.<\/p>\n        <\/div>\n    <\/div>\n<\/div>[\/vc_column_inner][vc_column_inner width=&#8221;1\/3&#8243;][\/vc_column_inner][\/vc_row_inner][\/vc_column][vc_column width=&#8221;1\/2&#8243;][\/vc_column][vc_column width=&#8221;1\/2&#8243;][\/vc_column][\/vc_row][vc_row triangle_shape=&#8221;no&#8221;][vc_column][vc_empty_space]<div class=\"mkd-separator-holder clearfix  mkd-separator-left\" >\r\n\t<div class=\"mkd-separator\" style=\"border-color: #919191;width: 100%\"><\/div>\r\n<\/div>\r\n[vc_empty_space][\/vc_column][\/vc_row]<\/p>","protected":false},"excerpt":{"rendered":"<p>[vc_row triangle_shape=&#8221;no&#8221;][vc_column width=&#8221;1\/3&#8243; css=&#8221;.vc_custom_1514203480374{margin-bottom: 30px !important;}&#8221;][\/vc_column][vc_column width=&#8221;1\/3&#8243; css=&#8221;.vc_custom_1514203485686{margin-bottom: 30px !important;}&#8221;][\/vc_column][vc_column width=&#8221;1\/3&#8243; css=&#8221;.vc_custom_1514203490142{margin-bottom: 30px !important;}&#8221;][\/vc_column][\/vc_row][vc_row triangle_shape=&#8221;no&#8221;][vc_column][vc_empty_space][vc_empty_space][vc_row_inner][vc_column_inner width=&#8221;1\/3&#8243; css=&#8221;.vc_custom_1514203513941{margin-bottom: 30px !important;}&#8221;][\/vc_column_inner][vc_column_inner width=&#8221;1\/3&#8243; css=&#8221;.vc_custom_1514203520725{margin-bottom: 30px !important;}&#8221;][\/vc_column_inner][vc_column_inner width=&#8221;1\/3&#8243;][\/vc_column_inner][\/vc_row_inner][\/vc_column][vc_column width=&#8221;1\/2&#8243;][\/vc_column][vc_column width=&#8221;1\/2&#8243;][\/vc_column][\/vc_row][vc_row triangle_shape=&#8221;no&#8221;][vc_column][vc_empty_space][vc_empty_space][\/vc_column][\/vc_row]<\/p>\n","protected":false},"author":1,"featured_media":0,"parent":0,"menu_order":0,"comment_status":"closed","ping_status":"closed","template":"","meta":[],"_links":{"self":[{"href":"https:\/\/sahinyavuz.av.tr\/tr\/wp-json\/wp\/v2\/pages\/2237"}],"collection":[{"href":"https:\/\/sahinyavuz.av.tr\/tr\/wp-json\/wp\/v2\/pages"}],"about":[{"href":"https:\/\/sahinyavuz.av.tr\/tr\/wp-json\/wp\/v2\/types\/page"}],"author":[{"embeddable":true,"href":"https:\/\/sahinyavuz.av.tr\/tr\/wp-json\/wp\/v2\/users\/1"}],"replies":[{"embeddable":true,"href":"https:\/\/sahinyavuz.av.tr\/tr\/wp-json\/wp\/v2\/comments?post=2237"}],"version-history":[{"count":103,"href":"https:\/\/sahinyavuz.av.tr\/tr\/wp-json\/wp\/v2\/pages\/2237\/revisions"}],"predecessor-version":[{"id":2942,"href":"https:\/\/sahinyavuz.av.tr\/tr\/wp-json\/wp\/v2\/pages\/2237\/revisions\/2942"}],"wp:attachment":[{"href":"https:\/\/sahinyavuz.av.tr\/tr\/wp-json\/wp\/v2\/media?parent=2237"}],"curies":[{"name":"wp","href":"https:\/\/api.w.org\/{rel}","templated":true}]}}