{"id":2232,"date":"2017-11-19T15:58:28","date_gmt":"2017-11-19T12:58:28","guid":{"rendered":"http:\/\/sahinyavuz.av.tr\/?page_id=2232"},"modified":"2020-07-12T15:01:48","modified_gmt":"2020-07-12T12:01:48","slug":"hakkimizda","status":"publish","type":"page","link":"https:\/\/sahinyavuz.av.tr\/tr\/hakkimizda\/","title":{"rendered":"Hakk\u0131m\u0131zda"},"content":{"rendered":"<p>[vc_row triangle_shape=&#8221;no&#8221; css=&#8221;.vc_custom_1513711369220{margin-top: -20px !important;}&#8221;][vc_column][vc_column_text]Av. \u015eahin Yavuz, hukuk (Beykent \u00dcniversitesi) ve i\u015fletme (Ankara \u00dcniversitesi Siyasal Bilgiler Fak\u00fcltesi \u2022 M\u00fclkiye) alanlar\u0131nda lisans derecelerine, ekonomi (University of Illinois) ve bilim ve teknoloji politikas\u0131 \u00e7al\u0131\u015fmalar\u0131 (ODT\u00dc) alanlar\u0131nda y\u00fcksek lisans derecelerine sahiptir.<\/p>\n<p>&nbsp;<\/p>\n<p>\u00c7al\u0131\u015fma hayat\u0131na 1997 y\u0131l\u0131nda Rekabet Kurumunda rekabet uzman yard\u0131mc\u0131s\u0131 olarak ba\u015flam\u0131\u015f, daha sonra s\u0131ras\u0131yla rekabet uzman\u0131 ve rekabet ba\u015fuzman\u0131 s\u0131fatlar\u0131yla meslek personeli olarak 14 y\u0131l g\u00f6rev yapm\u0131\u015ft\u0131r. Bu s\u00fcre zarf\u0131nda h\u0131zl\u0131 t\u00fcketim mallar\u0131, perakende, ila\u00e7 ve sa\u011fl\u0131k ba\u015fta olmak \u00fczere farkl\u0131 sekt\u00f6rlerde rekabet soru\u015fturmalar\u0131 ile birle\u015fme ve devralma incelemeleri y\u00fcr\u00fctm\u00fc\u015f, Kurumu ulusal ve uluslararas\u0131 bir\u00e7ok toplant\u0131da temsil etmi\u015f, Kurum ad\u0131na Uluslararas\u0131 Rekabet A\u011f\u0131 (<em>International Competition Network \u2013 ICN<\/em>) birle\u015fme \u00e7al\u0131\u015fma grubunda aktif rol \u00fcstlenmi\u015f, 2008 ve 2020 y\u0131llar\u0131nda yasala\u015fan ve 4054 say\u0131l\u0131 Rekabetin Korunmas\u0131 Hakk\u0131nda Kanun\u2019da \u00f6nemli yenilikler getiren kanun de\u011fi\u015fikli\u011fi tasar\u0131s\u0131 taslaklar\u0131n\u0131n ve Kurumca \u00e7\u0131kar\u0131lan bir\u00e7ok ikincil mevzuat tasla\u011f\u0131n\u0131n haz\u0131rlanmas\u0131nda g\u00f6rev alm\u0131\u015ft\u0131r.<\/p>\n<p>&nbsp;<\/p>\n<p>Yavuz, 2011 y\u0131l\u0131nda Kurum\u2019dan ayr\u0131larak \u0130stanbul merkezli bir hukuk b\u00fcrosuna ortak olarak kat\u0131lm\u0131\u015f ve a\u011f\u0131rl\u0131kl\u0131 olarak e-ticaret, telekom\u00fcnikasyon, ila\u00e7, sa\u011fl\u0131k, medya, enerji, perakende ve h\u0131zl\u0131 t\u00fcketim sekt\u00f6rlerinde deneyim kazanm\u0131\u015ft\u0131r. 2017 y\u0131l\u0131ndan itibaren kendi b\u00fcrosunda yerli ve uluslararas\u0131 m\u00fcvekkillerine avukatl\u0131k ve hukuk dan\u0131\u015fmanl\u0131\u011f\u0131 hizmeti vermektedir.[\/vc_column_text][vc_row_inner][vc_column_inner][vc_empty_space height=&#8221;160&#8243;][\/vc_column_inner][\/vc_row_inner][\/vc_column][\/vc_row]<\/p>","protected":false},"excerpt":{"rendered":"<p>[vc_row triangle_shape=&#8221;no&#8221; css=&#8221;.vc_custom_1513711369220{margin-top: -20px !important;}&#8221;][vc_column][vc_column_text]Av. \u015eahin Yavuz, hukuk (Beykent \u00dcniversitesi) ve i\u015fletme (Ankara \u00dcniversitesi Siyasal Bilgiler Fak\u00fcltesi \u2022 M\u00fclkiye) alanlar\u0131nda lisans derecelerine, ekonomi (University of Illinois) ve bilim ve teknoloji politikas\u0131 \u00e7al\u0131\u015fmalar\u0131 (ODT\u00dc) alanlar\u0131nda y\u00fcksek lisans derecelerine sahiptir. &nbsp; \u00c7al\u0131\u015fma hayat\u0131na 1997 y\u0131l\u0131nda Rekabet Kurumunda rekabet uzman yard\u0131mc\u0131s\u0131 olarak ba\u015flam\u0131\u015f, daha sonra s\u0131ras\u0131yla rekabet uzman\u0131 ve rekabet ba\u015fuzman\u0131 s\u0131fatlar\u0131yla meslek personeli olarak 14 y\u0131l g\u00f6rev yapm\u0131\u015ft\u0131r. Bu s\u00fcre zarf\u0131nda h\u0131zl\u0131 t\u00fcketim mallar\u0131, perakende, ila\u00e7 ve sa\u011fl\u0131k ba\u015fta olmak \u00fczere farkl\u0131 sekt\u00f6rlerde rekabet soru\u015fturmalar\u0131 ile birle\u015fme ve devralma incelemeleri y\u00fcr\u00fctm\u00fc\u015f, Kurumu ulusal ve uluslararas\u0131 bir\u00e7ok toplant\u0131da temsil etmi\u015f, Kurum ad\u0131na Uluslararas\u0131&#8230;<\/p>\n","protected":false},"author":1,"featured_media":0,"parent":0,"menu_order":0,"comment_status":"closed","ping_status":"closed","template":"","meta":[],"_links":{"self":[{"href":"https:\/\/sahinyavuz.av.tr\/tr\/wp-json\/wp\/v2\/pages\/2232"}],"collection":[{"href":"https:\/\/sahinyavuz.av.tr\/tr\/wp-json\/wp\/v2\/pages"}],"about":[{"href":"https:\/\/sahinyavuz.av.tr\/tr\/wp-json\/wp\/v2\/types\/page"}],"author":[{"embeddable":true,"href":"https:\/\/sahinyavuz.av.tr\/tr\/wp-json\/wp\/v2\/users\/1"}],"replies":[{"embeddable":true,"href":"https:\/\/sahinyavuz.av.tr\/tr\/wp-json\/wp\/v2\/comments?post=2232"}],"version-history":[{"count":38,"href":"https:\/\/sahinyavuz.av.tr\/tr\/wp-json\/wp\/v2\/pages\/2232\/revisions"}],"predecessor-version":[{"id":3038,"href":"https:\/\/sahinyavuz.av.tr\/tr\/wp-json\/wp\/v2\/pages\/2232\/revisions\/3038"}],"wp:attachment":[{"href":"https:\/\/sahinyavuz.av.tr\/tr\/wp-json\/wp\/v2\/media?parent=2232"}],"curies":[{"name":"wp","href":"https:\/\/api.w.org\/{rel}","templated":true}]}}